{"id":235,"date":"2022-04-01T19:34:31","date_gmt":"2022-04-01T22:34:31","guid":{"rendered":"https:\/\/memolutas.univasf.edu.br\/?page_id=235"},"modified":"2022-04-04T15:12:59","modified_gmt":"2022-04-04T18:12:59","slug":"contato-2","status":"publish","type":"page","link":"https:\/\/memolutas.univasf.edu.br\/index.php\/contato-2\/","title":{"rendered":"Contato"},"content":{"rendered":"<h4>Adalton Marques &#8211;\u00a0Coordenador do MemoLutas<\/h4>\n<p>E<span style=\"font-size: 1rem;\">-mail:<\/span><span style=\"font-size: 1rem;\">\u00a0<\/span><span style=\"color: #3366ff;\">adalton.marques@univasf.edu.br<\/span><\/p>\n<p><span style=\"font-size: 1rem;\">Endere\u00e7o: Colegiado de Ci\u00eancias Sociais (Adalton Marques &#8211; MemoLutas) &#8211; <\/span><span style=\"font-size: 1rem;\">Avenida Ant\u00f4nio Carlos Magalh\u00e3es, n\u00ba 510, Country Club, Juazeiro\/BA \u2013 CEP 48902-300.<\/span><\/p>\n","protected":false},"excerpt":{"rendered":"<p>Adalton Marques &#8211;\u00a0Coordenador do MemoLutas E-mail:\u00a0adalton.marques@univasf.edu.br Endere\u00e7o: Colegiado de Ci\u00eancias Sociais (Adalton Marques &#8211; MemoLutas) &#8211; Avenida Ant\u00f4nio Carlos Magalh\u00e3es, n\u00ba 510, Country Club, Juazeiro\/BA \u2013 CEP 48902-300.<\/p>\n","protected":false},"author":1,"featured_media":0,"parent":0,"menu_order":0,"comment_status":"closed","ping_status":"closed","template":"","meta":{"footnotes":""},"_links":{"self":[{"href":"https:\/\/memolutas.univasf.edu.br\/index.php\/wp-json\/wp\/v2\/pages\/235"}],"collection":[{"href":"https:\/\/memolutas.univasf.edu.br\/index.php\/wp-json\/wp\/v2\/pages"}],"about":[{"href":"https:\/\/memolutas.univasf.edu.br\/index.php\/wp-json\/wp\/v2\/types\/page"}],"author":[{"embeddable":true,"href":"https:\/\/memolutas.univasf.edu.br\/index.php\/wp-json\/wp\/v2\/users\/1"}],"replies":[{"embeddable":true,"href":"https:\/\/memolutas.univasf.edu.br\/index.php\/wp-json\/wp\/v2\/comments?post=235"}],"version-history":[{"count":10,"href":"https:\/\/memolutas.univasf.edu.br\/index.php\/wp-json\/wp\/v2\/pages\/235\/revisions"}],"predecessor-version":[{"id":317,"href":"https:\/\/memolutas.univasf.edu.br\/index.php\/wp-json\/wp\/v2\/pages\/235\/revisions\/317"}],"wp:attachment":[{"href":"https:\/\/memolutas.univasf.edu.br\/index.php\/wp-json\/wp\/v2\/media?parent=235"}],"curies":[{"name":"wp","href":"https:\/\/api.w.org\/{rel}","templated":true}]}}